{"id":80,"date":"2025-07-28T14:32:21","date_gmt":"2025-07-28T14:32:21","guid":{"rendered":"https:\/\/parmintermusic.com\/inicio\/"},"modified":"2026-02-27T11:37:50","modified_gmt":"2026-02-27T11:37:50","slug":"home","status":"publish","type":"page","link":"https:\/\/parmintermusic.com\/es\/","title":{"rendered":"Inicio"},"content":{"rendered":"<p>[et_pb_section fb_built=\u00bb1&#8243; admin_label=\u00bbHeader\u00bb _builder_version=\u00bb4.27.4&#8243; _module_preset=\u00bbdefault\u00bb background_color=\u00bb#000000&#8243; background_enable_image=\u00bboff\u00bb overflow-x=\u00bbhidden\u00bb overflow-y=\u00bbhidden\u00bb custom_margin=\u00bb0px||||false|false\u00bb custom_padding=\u00bb0px||30px||false|false\u00bb collapsed=\u00bboff\u00bb global_colors_info=\u00bb{}\u00bb][et_pb_row use_custom_gutter=\u00bbon\u00bb gutter_width=\u00bb2&#8243; _builder_version=\u00bb4.27.4&#8243; _module_preset=\u00bbdefault\u00bb width=\u00bb100%\u00bb max_width=\u00bb3800px\u00bb custom_margin=\u00bb0px||0px||false|false\u00bb custom_padding=\u00bb0px||0px||false|false\u00bb global_colors_info=\u00bb{}\u00bb][et_pb_column type=\u00bb4_4&#8243; _builder_version=\u00bb4.27.4&#8243; _module_preset=\u00bbdefault\u00bb custom_padding=\u00bb0px||||false|false\u00bb global_colors_info=\u00bb{}\u00bb][et_pb_image src=\u00bbhttps:\/\/parmintermusic.com\/wp-content\/uploads\/2025\/07\/logo-white-1024-crop.png\u00bb title_text=\u00bblogo-blanco-1024-cultivo\u00bb align=\u00bbcenter\u00bb _builder_version=\u00bb4.27.4&#8243; _module_preset=\u00bbdefault\u00bb z_index=\u00bb1&#8243; max_width_tablet=\u00bb320px\u00bb max_width_phone=\u00bb200px\u00bb max_width_last_edited=\u00bbon|phone\u00bb max_height=\u00bb60vh\u00bb custom_margin=\u00bb40px||-8vw||false|false\u00bb custom_margin_tablet=\u00bb40px||-8vw||false|false\u00bb custom_margin_phone=\u00bb0px||-8vw||false|false\u00bb custom_margin_last_edited=\u00bbon|tablet\u00bb animation_direction=\u00bbright\u00bb global_colors_info=\u00bb{}\u00bb][\/et_pb_image][et_pb_image src=\u00bbhttps:\/\/parmintermusic.com\/wp-content\/uploads\/2025\/07\/PARMINTER-ENTERA-scaled.jpg\u00bb title_text=\u00bbPARMINTER ENTERO\u00bb _builder_version=\u00bb4.27.4&#8243; _module_preset=\u00bbdefault\u00bb global_colors_info=\u00bb{}\u00bb][\/et_pb_image][\/et_pb_column][\/et_pb_row][et_pb_row use_custom_gutter=\u00bbon\u00bb gutter_width=\u00bb2&#8243; _builder_version=\u00bb4.27.4&#8243; _module_preset=\u00bbdefault\u00bb background_enable_color=\u00bboff\u00bb background_enable_image=\u00bboff\u00bb background_blend=\u00bbmultiply\u00bb width=\u00bb100%\u00bb max_width=\u00bb3800px\u00bb custom_margin=\u00bb0px||||false|false\u00bb custom_padding=\u00bb60px||||false|false\u00bb global_colors_info=\u00bb{}\u00bb][et_pb_column type=\u00bb4_4&#8243; _builder_version=\u00bb4.27.4&#8243; _module_preset=\u00bbdefault\u00bb custom_padding=\u00bb0px||||false|false\u00bb global_colors_info=\u00bb{}\u00bb][et_pb_text _builder_version=\u00bb4.27.4&#8243; _module_preset=\u00bb3061ae65-7358-474a-9a3f-e947c0d4b8b1&#8243; text_text_color=\u00bb#FFFFFF\u00bb text_font_size=\u00bb18px\u00bb text_orientation=\u00bbjustified\u00bb max_width=\u00bb1024px\u00bb module_alignment=\u00bbcenter\u00bb custom_padding=\u00bb|30px||30px|false|true\u00bb global_colors_info=\u00bb{}\u00bb]<\/p>\n<p>La banda barcelonesa Parminter es un proyecto de jazz avant-garde y free jazz, un cuarteto compuesto por clarinete bajo, teclados\/piano, bajo el\u00e9ctrico y bater\u00eda. Esta banda toma el jazz en su sentido m\u00e1s amplio como punto de partida para investigar, experimentar e incluir en sus composiciones elementos de otras m\u00fasicas. Parminter, con un sonido y un repertorio propio experimenta con noise, improvisaci\u00f3n libre, free jazz, rock, metal, as\u00ed como con elementos propios de la m\u00fasica contempor\u00e1nea e integra colores de otras m\u00fasicas y g\u00e9neros populares, especialmente del Etiopiques y el jazz sudafricano.   <\/p>\n<p>Liderado por la clarinetista Nan\u00e1 Rovira, Parminter es el nombre del protagonista de una historia, se trata de un personaje ind\u00f3mito, aventurero y arriesgado como la intenci\u00f3n de su m\u00fasica. El proyecto nace en el a\u00f1o 2024 como continuaci\u00f3n est\u00e9tica de otra banda ,Trialogue, con la que a trio y tambi\u00e9n con Carlos R\u00f3denas al bajo el\u00e9ctrico, grabaron un disco que se puede encontrar en el bandcamp del sello barcelon\u00e9s Discordian Records. Ahora en cuarteto con Alessandro Campobasso a la bater\u00eda y la inclusi\u00f3n de teclados y piano por parte de Iv\u00e1n Santaeul\u00e0ria contin\u00faan con la experimentaci\u00f3n, composici\u00f3n y b\u00fasqueda de nuevas posibilidades sonoras. Su primer \u00e1lbum, Hiperb\u00f3rea, saldr\u00e1 a la venta en enero de 2026 bajo el sello sueco Silkheart Records.<\/p>\n<p>[\/et_pb_text][\/et_pb_column][\/et_pb_row][\/et_pb_section][et_pb_section fb_built=\u00bb1&#8243; _builder_version=\u00bb4.27.4&#8243; _module_preset=\u00bbdefault\u00bb background_color=\u00bbrgba(0,0,0,0.69)\u00bb background_image=\u00bbhttps:\/\/parmintermusic.com\/wp-content\/uploads\/2025\/07\/250605-PARMINTER-23.jpg\u00bb background_blend=\u00bbmultiply\u00bb custom_padding=\u00bb13px|||||\u00bb global_colors_info=\u00bb{}\u00bb][et_pb_row module_id=\u00bbmusic\u00bb _builder_version=\u00bb4.27.4&#8243; _module_preset=\u00bbdefault\u00bb global_colors_info=\u00bb{}\u00bb][et_pb_column type=\u00bb4_4&#8243; _builder_version=\u00bb4.27.4&#8243; _module_preset=\u00bbdefault\u00bb global_colors_info=\u00bb{}\u00bb][et_pb_text _builder_version=\u00bb4.27.4&#8243; _module_preset=\u00bb3c490196-cbee-4491-ad6d-5b342fef817f\u00bb header_4_font=\u00bbLato|900||on|||||\u00bb header_4_text_color=\u00bb#E02B20&#8243; header_4_font_size=\u00bb22px\u00bb locked=\u00bboff\u00bb]<\/p>\n<h4><strong>M\u00fasica<\/strong><\/h4>\n<p>[\/et_pb_text][et_pb_divider color=\u00bb#907142&#8243; divider_position=\u00bbcenter\u00bb _builder_version=\u00bb4.19.5&#8243; _module_preset=\u00bbdefault\u00bb global_colors_info=\u00bb{}\u00bb][\/et_pb_divider][\/et_pb_column][\/et_pb_row][et_pb_row column_structure=\u00bb1_2,1_2&#8243; _builder_version=\u00bb4.27.4&#8243; _module_preset=\u00bbdefault\u00bb global_colors_info=\u00bb{}\u00bb][et_pb_column type=\u00bb1_2&#8243; _builder_version=\u00bb4.27.4&#8243; _module_preset=\u00bbdefault\u00bb global_colors_info=\u00bb{}\u00bb][et_pb_video src=\u00bbhttps:\/\/www.youtube.com\/watch?v=Qhy1cOm8RNk\u00bb _builder_version=\u00bb4.27.4&#8243; _module_preset=\u00bbdefault\u00bb global_colors_info=\u00bb{}\u00bb][\/et_pb_video][et_pb_video src=\u00bbhttps:\/\/www.youtube.com\/watch?v=cVE2j&#8211;ansI\u00bb _builder_version=\u00bb4.27.4&#8243; _module_preset=\u00bbdefault\u00bb global_colors_info=\u00bb{}\u00bb][\/et_pb_video][\/et_pb_column][et_pb_column type=\u00bb1_2&#8243; _builder_version=\u00bb4.27.4&#8243; _module_preset=\u00bbdefault\u00bb global_colors_info=\u00bb{}\u00bb][et_pb_video src=\u00bbhttps:\/\/www.youtube.com\/watch?v=0wn8tFj3moc\u00bb _builder_version=\u00bb4.27.5&#8243; _module_preset=\u00bbdefault\u00bb global_colors_info=\u00bb{}\u00bb][\/et_pb_video][et_pb_video src=\u00bbhttps:\/\/www.youtube.com\/watch?v=M6CHn2k4vHo\u00bb _builder_version=\u00bb4.27.4&#8243; _module_preset=\u00bbdefault\u00bb global_colors_info=\u00bb{}\u00bb][\/et_pb_video][\/et_pb_column][\/et_pb_row][et_pb_row module_id=\u00bbalbum\u00bb _builder_version=\u00bb4.27.4&#8243; _module_preset=\u00bbdefault\u00bb global_colors_info=\u00bb{}\u00bb][et_pb_column type=\u00bb4_4&#8243; _builder_version=\u00bb4.27.4&#8243; _module_preset=\u00bbdefault\u00bb global_colors_info=\u00bb{}\u00bb][et_pb_text _builder_version=\u00bb4.27.4&#8243; _module_preset=\u00bb3c490196-cbee-4491-ad6d-5b342fef817f\u00bb header_4_font=\u00bbLato|900||on|||||\u00bb header_4_text_color=\u00bb#E02B20&#8243; header_4_font_size=\u00bb22px\u00bb locked=\u00bboff\u00bb]<\/p>\n<h4><strong>Disco<\/strong><\/h4>\n<p>[\/et_pb_text][et_pb_divider color=\u00bb#907142&#8243; divider_position=\u00bbcenter\u00bb _builder_version=\u00bb4.19.5&#8243; _module_preset=\u00bbdefault\u00bb global_colors_info=\u00bb{}\u00bb][\/et_pb_divider][\/et_pb_column][\/et_pb_row][et_pb_row column_structure=\u00bb1_2,1_2&#8243; module_id=\u00bbalbum\u00bb _builder_version=\u00bb4.27.5&#8243; _module_preset=\u00bbdefault\u00bb global_colors_info=\u00bb{}\u00bb][et_pb_column type=\u00bb1_2&#8243; _builder_version=\u00bb4.27.4&#8243; _module_preset=\u00bbdefault\u00bb global_colors_info=\u00bb{}\u00bb][et_pb_image src=\u00bbhttps:\/\/parmintermusic.com\/wp-content\/uploads\/2026\/02\/a1709913678_10.jpg\u00bb title_text=\u00bba1709913678_10&#8243; url=\u00bbhttps:\/\/silkheart.bandcamp.com\/album\/hiperb-rea\u00bb url_new_window=\u00bbon\u00bb _builder_version=\u00bb4.27.5&#8243; _module_preset=\u00bbdefault\u00bb global_colors_info=\u00bb{}\u00bb][\/et_pb_image][\/et_pb_column][et_pb_column type=\u00bb1_2&#8243; _builder_version=\u00bb4.27.4&#8243; _module_preset=\u00bbdefault\u00bb global_colors_info=\u00bb{}\u00bb][et_pb_text _builder_version=\u00bb4.27.5&#8243; _module_preset=\u00bb3061ae65-7358-474a-9a3f-e947c0d4b8b1&#8243; text_text_color=\u00bb#FFFFFF\u00bb text_font_size=\u00bb18px\u00bb text_orientation=\u00bbjustified\u00bb max_width=\u00bb1024px\u00bb module_alignment=\u00bbcenter\u00bb custom_padding=\u00bb|30px||30px|false|true\u00bb global_colors_info=\u00bb{}\u00bb]<\/p>\n<p><em>Parminter is one of the most exciting new bands to emerge in recent months on the Barcelona scene, a scene that is both unsettling and full of discoveries. It takes its name from the character in a novella, who aims to be the group&#8217;s guide and inspiration. Adventurous, free, daring, provocative.<\/em><\/p>\n<p><a href=\"https:\/\/silkheart.bandcamp.com\/album\/hiperb-rea\" target=\"_blank\" rel=\"noopener\">https:\/\/silkheart.bandcamp.com\/album\/hiperb-rea<\/a><\/p>\n<p>[\/et_pb_text][\/et_pb_column][\/et_pb_row][et_pb_row module_id=\u00bbpress\u00bb _builder_version=\u00bb4.27.4&#8243; _module_preset=\u00bbdefault\u00bb global_colors_info=\u00bb{}\u00bb][et_pb_column type=\u00bb4_4&#8243; _builder_version=\u00bb4.27.4&#8243; _module_preset=\u00bbdefault\u00bb global_colors_info=\u00bb{}\u00bb][et_pb_text _builder_version=\u00bb4.27.4&#8243; _module_preset=\u00bb3c490196-cbee-4491-ad6d-5b342fef817f\u00bb header_4_font=\u00bbLato|900||on|||||\u00bb header_4_text_color=\u00bb#E02B20&#8243; header_4_font_size=\u00bb22px\u00bb locked=\u00bboff\u00bb]<\/p>\n<h4><strong>Prensa<\/strong><\/h4>\n<p>[\/et_pb_text][et_pb_divider color=\u00bb#907142&#8243; divider_position=\u00bbcenter\u00bb _builder_version=\u00bb4.19.5&#8243; _module_preset=\u00bbdefault\u00bb global_colors_info=\u00bb{}\u00bb][\/et_pb_divider][\/et_pb_column][\/et_pb_row][et_pb_row _builder_version=\u00bb4.27.4&#8243; _module_preset=\u00bbdefault\u00bb global_colors_info=\u00bb{}\u00bb][et_pb_column type=\u00bb4_4&#8243; _builder_version=\u00bb4.27.4&#8243; _module_preset=\u00bbdefault\u00bb global_colors_info=\u00bb{}\u00bb][et_pb_text _builder_version=\u00bb4.27.5&#8243; _module_preset=\u00bb3061ae65-7358-474a-9a3f-e947c0d4b8b1&#8243; text_text_color=\u00bb#FFFFFF\u00bb text_font_size=\u00bb18px\u00bb text_orientation=\u00bbjustified\u00bb max_width=\u00bb1024px\u00bb module_alignment=\u00bbcenter\u00bb custom_padding=\u00bb|30px||30px|false|true\u00bb global_colors_info=\u00bb{}\u00bb]<\/p>\n<p><a href=\"https:\/\/www.diariodelaltoaragon.es\/noticias\/cultura\/2025\/01\/18\/parminter-visita-el-juanse-1792927-daa.html\">https:\/\/www.diariodelaltoaragon.es\/noticias\/cultura\/2025\/01\/18\/parminter-visita-el-juanse-1792927-daa.html<\/a><\/p>\n<blockquote>\n<p style=\"text-align: left;\"><em>Poco a poco fueron tomando forma. El bajista frotando un vaso de cerveza en el m\u00e1stil, usando sus pedales&#8230; golpes y manos arrastradas por el teclado; el baterista golpeando con criterio, pero sin piedad; y Nan\u00e1 haciendo crecer el sonido de su instrumento (un sonido que no dej\u00f3 indiferente a nadie) hasta que explot\u00f3 como un volc\u00e1n. Escupiendo infierno entre sus dientes. <\/em><\/p>\n<\/blockquote>\n<p style=\"text-align: left;\"><strong>Diario del Alto Arag\u00f3n, secci\u00f3n de Cultura por Jes\u00fas Moreno<\/strong><\/p>\n<p>[\/et_pb_text][et_pb_divider color=\u00bb#907142&#8243; divider_position=\u00bbcenter\u00bb _builder_version=\u00bb4.19.5&#8243; _module_preset=\u00bbdefault\u00bb global_colors_info=\u00bb{}\u00bb][\/et_pb_divider][et_pb_text _builder_version=\u00bb4.27.5&#8243; _module_preset=\u00bb3061ae65-7358-474a-9a3f-e947c0d4b8b1&#8243; text_text_color=\u00bb#FFFFFF\u00bb text_font_size=\u00bb18px\u00bb text_orientation=\u00bbjustified\u00bb max_width=\u00bb1024px\u00bb module_alignment=\u00bbcenter\u00bb custom_padding=\u00bb|30px||30px|false|true\u00bb global_colors_info=\u00bb{}\u00bb]<\/p>\n<blockquote class=\"wp-embedded-content\" data-secret=\"LXdX57sy59\"><p><a href=\"https:\/\/tomajazz.com\/web\/parminter-juan-sebastian-bar-2025-2\/\">Parminter (Juan Sebasti\u00e1n Bar, Huesca. 2025-06-05) Por Fabio Galicia [INSTANTZZ AKA Galer\u00eda fotogr\u00e1fica AKA Fotoblog de jazz, impro\u2026 y algo m\u00e1s]<\/a><\/p><\/blockquote>\n<p><iframe loading=\"lazy\" class=\"wp-embedded-content\" sandbox=\"allow-scripts\" security=\"restricted\" style=\"position: absolute; visibility: hidden;\" title=\"\u00abParminter (Juan Sebasti\u00e1n Bar, Huesca. 2025-06-05) Por Fabio Galicia [INSTANTZZ AKA Galer\u00eda fotogr\u00e1fica AKA Fotoblog de jazz, impro\u2026 y algo m\u00e1s]\u00bb \u2014 Tomajazz\" src=\"https:\/\/tomajazz.com\/web\/parminter-juan-sebastian-bar-2025-2\/embed\/#?secret=mQkuBuyahQ#?secret=LXdX57sy59\" data-secret=\"LXdX57sy59\" width=\"600\" height=\"338\" frameborder=\"0\" marginwidth=\"0\" marginheight=\"0\" scrolling=\"no\"><\/iframe><\/p>\n<p>[\/et_pb_text][\/et_pb_column][\/et_pb_row][et_pb_row module_id=\u00bbgigs\u00bb _builder_version=\u00bb4.27.4&#8243; _module_preset=\u00bbdefault\u00bb global_colors_info=\u00bb{}\u00bb][et_pb_column type=\u00bb4_4&#8243; _builder_version=\u00bb4.27.4&#8243; _module_preset=\u00bbdefault\u00bb global_colors_info=\u00bb{}\u00bb][et_pb_text _builder_version=\u00bb4.27.4&#8243; _module_preset=\u00bb3c490196-cbee-4491-ad6d-5b342fef817f\u00bb header_4_font=\u00bbLato|900||on|||||\u00bb header_4_text_color=\u00bb#E02B20&#8243; header_4_font_size=\u00bb22px\u00bb locked=\u00bboff\u00bb]<\/p>\n<h4><strong>CONCIERTOS<\/strong><\/h4>\n<p>[\/et_pb_text][et_pb_divider color=\u00bb#907142&#8243; divider_position=\u00bbcenter\u00bb _builder_version=\u00bb4.19.5&#8243; _module_preset=\u00bbdefault\u00bb global_colors_info=\u00bb{}\u00bb][\/et_pb_divider][et_pb_blurb use_icon=\u00bbon\u00bb font_icon=\u00bb&#xe023;||divi||400&#8243; icon_color=\u00bb#FFFFFF\u00bb icon_placement=\u00bbleft\u00bb image_icon_width=\u00bb160%\u00bb content_max_width=\u00bb100%\u00bb _builder_version=\u00bb4.27.5&#8243; _module_preset=\u00bbdefault\u00bb body_font_size=\u00bb16px\u00bb body_line_height=\u00bb1.8em\u00bb background_layout=\u00bbdark\u00bb max_width=\u00bb1024px\u00bb module_alignment=\u00bbcenter\u00bb custom_padding=\u00bb|30px||30px|false|true\u00bb global_colors_info=\u00bb{}\u00bb]<\/p>\n<p>09\/06\/2026 &#8211; 22.00 h. @ <strong><a href=\"https:\/\/share.google\/XkXIfMegrwqBIPaud\" target=\"_blank\" rel=\"noopener\">Robadors 23<\/a><\/strong><\/p>\n<p>[\/et_pb_blurb][\/et_pb_column][\/et_pb_row][et_pb_row module_id=\u00bbgallery\u00bb _builder_version=\u00bb4.27.4&#8243; _module_preset=\u00bbdefault\u00bb global_colors_info=\u00bb{}\u00bb][et_pb_column type=\u00bb4_4&#8243; _builder_version=\u00bb4.27.4&#8243; _module_preset=\u00bbdefault\u00bb global_colors_info=\u00bb{}\u00bb][et_pb_text _builder_version=\u00bb4.27.4&#8243; _module_preset=\u00bb3c490196-cbee-4491-ad6d-5b342fef817f\u00bb header_4_font=\u00bbLato|900||on|||||\u00bb header_4_text_color=\u00bb#E02B20&#8243; header_4_font_size=\u00bb22px\u00bb locked=\u00bboff\u00bb]<\/p>\n<h4><strong>Galer\u00eda<\/strong><\/h4>\n<p>[\/et_pb_text][et_pb_divider color=\u00bb#907142&#8243; divider_position=\u00bbcenter\u00bb _builder_version=\u00bb4.19.5&#8243; _module_preset=\u00bbdefault\u00bb global_colors_info=\u00bb{}\u00bb][\/et_pb_divider][et_pb_gallery gallery_ids=\u00bb108,110,440,106,100,436,438,102,444,442,430,434&#8243; posts_number=\u00bb12&#8243; _builder_version=\u00bb4.27.5&#8243; _module_preset=\u00bbdefault\u00bb title_text_color=\u00bbRGBA(255,255,255,0)\u00bb title_font_size=\u00bb1px\u00bb caption_text_color=\u00bbRGBA(255,255,255,0)\u00bb caption_font_size=\u00bb1px\u00bb background_layout=\u00bbdark\u00bb hover_enabled=\u00bb0&#8243; global_colors_info=\u00bb{}\u00bb sticky_enabled=\u00bb0&#8243;][\/et_pb_gallery][\/et_pb_column][\/et_pb_row][et_pb_row module_id=\u00bbcontact\u00bb _builder_version=\u00bb4.27.4&#8243; _module_preset=\u00bbdefault\u00bb global_colors_info=\u00bb{}\u00bb][et_pb_column type=\u00bb4_4&#8243; _builder_version=\u00bb4.27.4&#8243; _module_preset=\u00bbdefault\u00bb global_colors_info=\u00bb{}\u00bb][et_pb_text _builder_version=\u00bb4.27.4&#8243; _module_preset=\u00bb3c490196-cbee-4491-ad6d-5b342fef817f\u00bb header_4_font=\u00bbLato|900||on|||||\u00bb header_4_text_color=\u00bb#E02B20&#8243; header_4_font_size=\u00bb22px\u00bb locked=\u00bboff\u00bb]<\/p>\n<h4><strong>S\u00edguenos y contacta<\/strong><\/h4>\n<p>[\/et_pb_text][et_pb_divider color=\u00bb#907142&#8243; divider_position=\u00bbcenter\u00bb _builder_version=\u00bb4.19.5&#8243; _module_preset=\u00bbdefault\u00bb global_colors_info=\u00bb{}\u00bb][\/et_pb_divider][\/et_pb_column][\/et_pb_row][et_pb_row column_structure=\u00bb1_2,1_2&#8243; _builder_version=\u00bb4.27.4&#8243; _module_preset=\u00bbdefault\u00bb global_colors_info=\u00bb{}\u00bb][et_pb_column type=\u00bb1_2&#8243; _builder_version=\u00bb4.27.4&#8243; _module_preset=\u00bbdefault\u00bb global_colors_info=\u00bb{}\u00bb][et_pb_social_media_follow _builder_version=\u00bb4.27.4&#8243; _module_preset=\u00bbdefault\u00bb text_orientation=\u00bbcenter\u00bb global_colors_info=\u00bb{}\u00bb][et_pb_social_media_follow_network social_network=\u00bbinstagram\u00bb url=\u00bbhttps:\/\/instagram.com\/parminter_music\u00bb icon_color=\u00bb#000000&#8243; use_icon_font_size=\u00bbon\u00bb icon_font_size=\u00bb54px\u00bb _builder_version=\u00bb4.27.4&#8243; _module_preset=\u00bbdefault\u00bb background_color=\u00bb#FFFFFF\u00bb background_enable_color=\u00bbon\u00bb custom_margin=\u00bb|20px||0px|false|false\u00bb border_radii=\u00bbon|54px|54px|54px|54px\u00bb global_colors_info=\u00bb{}\u00bb follow_button=\u00bboff\u00bb url_new_window=\u00bbon\u00bb]instagram[\/et_pb_social_media_follow_network][et_pb_social_media_follow_network social_network=\u00bbyoutube\u00bb url=\u00bbhttps:\/\/www.youtube.com\/@PARMINTER_MUSIC\u00bb icon_color=\u00bb#000000&#8243; use_icon_font_size=\u00bbon\u00bb icon_font_size=\u00bb54px\u00bb _builder_version=\u00bb4.27.4&#8243; _module_preset=\u00bbdefault\u00bb background_color=\u00bb#FFFFFF\u00bb background_enable_color=\u00bbon\u00bb custom_margin=\u00bb|0px||20px|false|false\u00bb border_radii=\u00bbon|54px|54px|54px|54px\u00bb global_colors_info=\u00bb{}\u00bb follow_button=\u00bboff\u00bb url_new_window=\u00bbon\u00bb]youtube[\/et_pb_social_media_follow_network][\/et_pb_social_media_follow][\/et_pb_column][et_pb_column type=\u00bb1_2&#8243; _builder_version=\u00bb4.27.4&#8243; _module_preset=\u00bbdefault\u00bb global_colors_info=\u00bb{}\u00bb][et_pb_blurb use_icon=\u00bbon\u00bb font_icon=\u00bb&#xe090;||divi||400&#8243; _builder_version=\u00bb4.27.4&#8243; _module_preset=\u00bb6ae0eee8-dc67-41b8-a913-82d0eb01c160&#8243; body_font=\u00bbLato|700|||||||\u00bb body_font_size=\u00bb18px\u00bb custom_margin=\u00bb||20px||false|false\u00bb locked=\u00bboff\u00bb global_colors_info=\u00bb{}\u00bb]<\/p>\n<p>+34 606 53 42 91<\/p>\n<p>[\/et_pb_blurb][et_pb_blurb use_icon=\u00bbon\u00bb font_icon=\u00bb&#xf0e0;||fa||900&#8243; _builder_version=\u00bb4.27.4&#8243; _module_preset=\u00bb6ae0eee8-dc67-41b8-a913-82d0eb01c160&#8243; header_font=\u00bbPlayfair Display|700|||||||\u00bb body_font=\u00bbLato|700|||||||\u00bb body_font_size=\u00bb18px\u00bb custom_margin=\u00bb||20px||false|false\u00bb locked=\u00bboff\u00bb global_colors_info=\u00bb{}\u00bb]<a href=\"mailto:parminter.music@gmail.com\" style=\"color: white!important;\">parminter.music@gmail.com<\/a>[\/et_pb_blurb][\/et_pb_column][\/et_pb_row][\/et_pb_section]<\/p>\n","protected":false},"excerpt":{"rendered":"<p>La banda barcelonesa Parminter es un proyecto de jazz avant-garde y free jazz, un cuarteto compuesto por clarinete bajo, teclados\/piano, bajo el\u00e9ctrico y bater\u00eda. Esta banda toma el jazz en su sentido m\u00e1s amplio como punto de partida para investigar, experimentar e incluir en sus composiciones elementos de otras m\u00fasicas. Parminter, con un sonido y [&hellip;]<\/p>\n","protected":false},"author":1,"featured_media":0,"parent":0,"menu_order":0,"comment_status":"closed","ping_status":"closed","template":"","meta":{"_et_pb_use_builder":"on","_et_pb_old_content":"","_et_gb_content_width":"","footnotes":""},"class_list":["post-80","page","type-page","status-publish","hentry"],"_links":{"self":[{"href":"https:\/\/parmintermusic.com\/es\/wp-json\/wp\/v2\/pages\/80","targetHints":{"allow":["GET"]}}],"collection":[{"href":"https:\/\/parmintermusic.com\/es\/wp-json\/wp\/v2\/pages"}],"about":[{"href":"https:\/\/parmintermusic.com\/es\/wp-json\/wp\/v2\/types\/page"}],"author":[{"embeddable":true,"href":"https:\/\/parmintermusic.com\/es\/wp-json\/wp\/v2\/users\/1"}],"replies":[{"embeddable":true,"href":"https:\/\/parmintermusic.com\/es\/wp-json\/wp\/v2\/comments?post=80"}],"version-history":[{"count":215,"href":"https:\/\/parmintermusic.com\/es\/wp-json\/wp\/v2\/pages\/80\/revisions"}],"predecessor-version":[{"id":448,"href":"https:\/\/parmintermusic.com\/es\/wp-json\/wp\/v2\/pages\/80\/revisions\/448"}],"wp:attachment":[{"href":"https:\/\/parmintermusic.com\/es\/wp-json\/wp\/v2\/media?parent=80"}],"curies":[{"name":"wp","href":"https:\/\/api.w.org\/{rel}","templated":true}]}}